{"id":4,"date":"2021-07-02T03:50:19","date_gmt":"2021-07-02T03:50:19","guid":{"rendered":"https:\/\/it-dienstleistungen.schuhardt.de\/willkommen-auf-https-it-dienstleistungen-schuhardt-de"},"modified":"2024-12-06T11:55:12","modified_gmt":"2024-12-06T11:55:12","slug":"willkommen-auf-https-it-dienstleistungen-schuhardt-de","status":"publish","type":"page","link":"https:\/\/it-dienstleistungen.schuhardt.de\/","title":{"rendered":"Willkommen auf Schuhardt IT-Dienstleistungen"},"content":{"rendered":"\n<figure class=\"wp-block-image size-large\"><img loading=\"lazy\" decoding=\"async\" width=\"1024\" height=\"346\" src=\"https:\/\/it-dienstleistungen.schuhardt.de\/wp-content\/uploads\/2021\/07\/Logo-1024x346.png\" alt=\"\" class=\"wp-image-32\" srcset=\"https:\/\/it-dienstleistungen.schuhardt.de\/wp-content\/uploads\/2021\/07\/Logo-1024x346.png 1024w, https:\/\/it-dienstleistungen.schuhardt.de\/wp-content\/uploads\/2021\/07\/Logo-300x101.png 300w, https:\/\/it-dienstleistungen.schuhardt.de\/wp-content\/uploads\/2021\/07\/Logo-768x259.png 768w, https:\/\/it-dienstleistungen.schuhardt.de\/wp-content\/uploads\/2021\/07\/Logo-480x162.png 480w, https:\/\/it-dienstleistungen.schuhardt.de\/wp-content\/uploads\/2021\/07\/Logo-960x324.png 960w, https:\/\/it-dienstleistungen.schuhardt.de\/wp-content\/uploads\/2021\/07\/Logo.png 1504w\" sizes=\"auto, (max-width: 1024px) 100vw, 1024px\" \/><\/figure>\n\n\n\n<p class=\"has-text-align-center\"><span style=\"font-size: 18pt;\"><strong>Willkommen auf der Website der <br><span style=\"text-decoration: underline\" class=\"underline\">Schuhardt IT-Dienstleistungen<\/span><\/strong><\/span><\/p>\n\n\n\n<p class=\"has-medium-font-size\"><br><span style=\"font-size: 12pt;\">Nachdem ich mein hauptberufliches Arbeitsleben beendet habe, befinde ich mich nun in meinem wohlverdienten Ruhestand. Die in meinem Berufsleben gesammelten Erfahrungen in den Bereichen Software Applikationen, Netzwerke und IT-Infrastrukturen, Apple Devices und Applikationen sowie im Projektmanagement, m\u00f6chte ich Ihnen beratend zur Verf\u00fcgung stellen. Der Aufbau von neuen Infrastrukturen, der Entwicklung, Testung, Schulung und die Einf\u00fchrung von neuen Software Applikationen geh\u00f6rten ebenfalls zu meinem Aufgabengebiet. Da auch die Schulung der Mitarbeiter auf den oben genannten Gebieten ein Teil meiner Arbeit war freue ich mich darauf, dies jetzt auch weitergeben zu k\u00f6nnen.<\/span><\/p>\n\n\n\n<h2 class=\"wp-block-heading has-medium-font-size\">Hier einige Beispiele, wie ich Sie unterst\u00fctzen kann:<\/h2>\n\n\n\n<ul class=\"wp-block-list has-normal-font-size\">\n<li><strong>Hardware &amp; Infrastruktur<\/strong>\n<ul class=\"wp-block-list\">\n<li><strong>Beratung:<\/strong>\u00a0bei der Auswahl von Hardware (PCs, Server, Netzwerkkomponenten) und Software.<\/li>\n\n\n\n<li><strong>Installation:<\/strong>\u00a0von Betriebssystemen, Anwendungen und Netzwerken.<\/li>\n\n\n\n<li><strong>Konfiguration:<\/strong>\u00a0Optimierung von Hardware und Software f\u00fcr maximale Leistung und Sicherheit.<\/li>\n\n\n\n<li><strong>Wartung:<\/strong>\u00a0regelm\u00e4\u00dfige \u00dcberpr\u00fcfung und Wartung von IT-Systemen.<\/li>\n\n\n\n<li><strong>Reparatur:<\/strong>\u00a0bei Hardwareausf\u00e4llen oder Softwareproblemen.<\/li>\n<\/ul>\n<\/li>\n\n\n\n<li><strong>Netzwerke<\/strong>\n<ul class=\"wp-block-list\">\n<li><strong>Installation:<\/strong>\u00a0von lokalen Netzwerken (LAN) und Wireless LANs (WLAN).<\/li>\n\n\n\n<li><strong>Konfiguration:<\/strong>\u00a0f\u00fcr eine sichere und effiziente Netzwerkverbindung.<\/li>\n\n\n\n<li><strong>Troubleshooting:<\/strong>\u00a0bei Netzwerkproblemen.<\/li>\n\n\n\n<li><strong>VPN-Einrichtung:<\/strong>\u00a0f\u00fcr sichere Fernzugriffe.<\/li>\n<\/ul>\n<\/li>\n\n\n\n<li><strong>Software<\/strong>\n<ul class=\"wp-block-list\">\n<li><strong>Installation:<\/strong>\u00a0von Betriebssystemen, Office-Anwendungen und spezieller Software.<\/li>\n\n\n\n<li><strong>Konfiguration:<\/strong>\u00a0Anpassung der Software an die Bed\u00fcrfnisse des Kunden.<\/li>\n\n\n\n<li><strong>Schulungen:<\/strong>\u00a0f\u00fcr Mitarbeiter in der Nutzung von Software.<\/li>\n\n\n\n<li><strong>Lizenzmanagement:<\/strong>\u00a0\u00dcberwachung und Verwaltung von Softwarelizenzen.<\/li>\n\n\n\n<li><strong>Passwortmanager:<\/strong>\u00a0Auswahl und Einsatz eines geeigneten Passwortmanagers.<\/li>\n<\/ul>\n<\/li>\n\n\n\n<li><strong>Sicherheit<\/strong>\n<ul class=\"wp-block-list\">\n<li><strong>Firewall-Konfiguration:<\/strong>\u00a0Schutz vor unbefugtem Zugriff.<\/li>\n\n\n\n<li><strong>Virenschutz:<\/strong>\u00a0Installation und Wartung von Antivirensoftware.<\/li>\n\n\n\n<li><strong>Datensicherung:<\/strong>\u00a0Implementierung und regelm\u00e4\u00dfige Sicherung wichtiger Daten.<\/li>\n<\/ul>\n<\/li>\n\n\n\n<li><strong>Support &amp; Service<\/strong>\n<ul class=\"wp-block-list\">\n<li><strong>Helpdesk:<\/strong>\u00a0erste Anlaufstelle f\u00fcr alle IT-Fragen.<\/li>\n\n\n\n<li><strong>Remote-Support:<\/strong>\u00a0Fernwartung von IT-Systemen.<\/li>\n\n\n\n<li><strong>Vor-Ort-Service:<\/strong>\u00a0direkte Unterst\u00fctzung beim Kunden.<\/li>\n<\/ul>\n<\/li>\n\n\n\n<li><strong>Zus\u00e4tzliche Leistungen<\/strong>\n<ul class=\"wp-block-list\">\n<li><strong>Webentwicklung:<\/strong>\u00a0Registrierung Domains, Erstellung und Pflege von Websites.<\/li>\n\n\n\n<li><strong>E-Mail-Administration:<\/strong>\u00a0Einrichtung und Verwaltung von E-Mail-Systemen.<\/li>\n\n\n\n<li><strong>IT-Beratung:<\/strong>\u00a0Strategische Beratung zu IT-Themen.<\/li>\n<\/ul>\n<\/li>\n<\/ul>\n\n\n\n<p class=\"has-normal-font-size\">Ich stehe Ihnen jederzeit kurzfristig zur Verf\u00fcgung. Einige Arbeiten k\u00f6nnen gerne auch Remote durchgef\u00fchrt werden.<\/p>\n\n\n\n<p class=\"has-normal-font-size\">Kontaktieren Sie mich per E-Mail: <a href=\"mailto:Fred.Schuhardt@outlook.de\">Fred.Schuhardt@outlook.de<\/a> und beschreiben Sie kurz Ihre Anfrage. Ich werde mich zeitnah bei Ihnen melden und wir k\u00f6nnen alles weitere besprechen.<\/p>\n\n\n<div class=\"wp-block-image\">\n<figure class=\"aligncenter size-large is-resized\"><img loading=\"lazy\" decoding=\"async\" width=\"768\" height=\"1024\" src=\"https:\/\/it-dienstleistungen.schuhardt.de\/wp-content\/uploads\/2024\/12\/IMG_4134-768x1024.jpeg\" alt=\"\" class=\"wp-image-125\" style=\"width:332px;height:auto\" srcset=\"https:\/\/it-dienstleistungen.schuhardt.de\/wp-content\/uploads\/2024\/12\/IMG_4134-768x1024.jpeg 768w, https:\/\/it-dienstleistungen.schuhardt.de\/wp-content\/uploads\/2024\/12\/IMG_4134-225x300.jpeg 225w, https:\/\/it-dienstleistungen.schuhardt.de\/wp-content\/uploads\/2024\/12\/IMG_4134-1152x1536.jpeg 1152w, https:\/\/it-dienstleistungen.schuhardt.de\/wp-content\/uploads\/2024\/12\/IMG_4134-1536x2048.jpeg 1536w, https:\/\/it-dienstleistungen.schuhardt.de\/wp-content\/uploads\/2024\/12\/IMG_4134-640x853.jpeg 640w, https:\/\/it-dienstleistungen.schuhardt.de\/wp-content\/uploads\/2024\/12\/IMG_4134-1280x1707.jpeg 1280w, https:\/\/it-dienstleistungen.schuhardt.de\/wp-content\/uploads\/2024\/12\/IMG_4134-scaled.jpeg 1920w\" sizes=\"auto, (max-width: 768px) 100vw, 768px\" \/><figcaption class=\"wp-element-caption\">Ich freue mich \u00fcber eine Kontaktaufnahme und Ihr Projekt<\/figcaption><\/figure>\n<\/div>\n\n<div class=\"wpforms-container wpforms-container-full wpforms-block wpforms-block-70cf23c3-b9bc-43cd-8c76-bf86f943c16a\" id=\"wpforms-65\"><form id=\"wpforms-form-65\" class=\"wpforms-validate wpforms-form wpforms-ajax-form\" data-formid=\"65\" method=\"post\" enctype=\"multipart\/form-data\" action=\"\/index.php?rest_route=%2Fwp%2Fv2%2Fpages%2F4\" data-token=\"7a1884055e496483728e40c5f87299df\" data-token-time=\"1775989625\"><noscript class=\"wpforms-error-noscript\">Bitte aktiviere JavaScript in deinem Browser, um dieses Formular fertigzustellen.<\/noscript><div class=\"wpforms-field-container\"><div id=\"wpforms-65-field_0-container\" class=\"wpforms-field wpforms-field-name\" data-field-id=\"0\"><label class=\"wpforms-field-label\">Name <span class=\"wpforms-required-label\">*<\/span><\/label><div class=\"wpforms-field-row wpforms-field-medium\"><div class=\"wpforms-field-row-block wpforms-first wpforms-one-half\"><input type=\"text\" id=\"wpforms-65-field_0\" class=\"wpforms-field-name-first wpforms-field-required\" name=\"wpforms[fields][0][first]\" required><label for=\"wpforms-65-field_0\" class=\"wpforms-field-sublabel after\">Vorname<\/label><\/div><div class=\"wpforms-field-row-block wpforms-one-half\"><input type=\"text\" id=\"wpforms-65-field_0-last\" class=\"wpforms-field-name-last wpforms-field-required\" name=\"wpforms[fields][0][last]\" required><label for=\"wpforms-65-field_0-last\" class=\"wpforms-field-sublabel after\">Nachname<\/label><\/div><\/div><\/div><div id=\"wpforms-65-field_1-container\" class=\"wpforms-field wpforms-field-email\" data-field-id=\"1\"><label class=\"wpforms-field-label\" for=\"wpforms-65-field_1\">Email <span class=\"wpforms-required-label\">*<\/span><\/label><input type=\"email\" id=\"wpforms-65-field_1\" class=\"wpforms-field-medium wpforms-field-required\" name=\"wpforms[fields][1]\" spellcheck=\"false\" required><\/div><div id=\"wpforms-65-field_2-container\" class=\"wpforms-field wpforms-field-textarea\" data-field-id=\"2\"><label class=\"wpforms-field-label\" for=\"wpforms-65-field_2\">Deine Anfrage <span class=\"wpforms-required-label\">*<\/span><\/label><textarea id=\"wpforms-65-field_2\" class=\"wpforms-field-medium wpforms-field-required\" name=\"wpforms[fields][2]\" required><\/textarea><\/div><\/div><!-- .wpforms-field-container --><div class=\"wpforms-submit-container\" ><input type=\"hidden\" name=\"wpforms[id]\" value=\"65\"><input type=\"hidden\" name=\"page_title\" value=\"\"><input type=\"hidden\" name=\"page_url\" value=\"https:\/\/it-dienstleistungen.schuhardt.de\/index.php?rest_route=\/wp\/v2\/pages\/4\"><input type=\"hidden\" name=\"url_referer\" value=\"\"><button type=\"submit\" name=\"wpforms[submit]\" id=\"wpforms-submit-65\" class=\"wpforms-submit\" data-alt-text=\"Sending...\" data-submit-text=\"Senden\" aria-live=\"assertive\" value=\"wpforms-submit\">Senden<\/button><img loading=\"lazy\" decoding=\"async\" src=\"https:\/\/it-dienstleistungen.schuhardt.de\/wp-content\/plugins\/wpforms-lite\/assets\/images\/submit-spin.svg\" class=\"wpforms-submit-spinner\" style=\"display: none;\" width=\"26\" height=\"26\" alt=\"Wird geladen\"><\/div><\/form><\/div>  <!-- .wpforms-container -->","protected":false},"excerpt":{"rendered":"<p>Willkommen auf der Website der Schuhardt IT-Dienstleistungen Nachdem ich mein hauptberufliches Arbeitsleben beendet habe, befinde ich mich nun in meinem wohlverdienten Ruhestand. Die in meinem Berufsleben gesammelten Erfahrungen in den Bereichen Software Applikationen, Netzwerke und IT-Infrastrukturen, Apple Devices und Applikationen sowie im Projektmanagement, m\u00f6chte ich Ihnen beratend zur Verf\u00fcgung stellen. Der Aufbau von neuen Infrastrukturen, [&hellip;]<\/p>\n","protected":false},"author":1,"featured_media":32,"parent":0,"menu_order":0,"comment_status":"closed","ping_status":"closed","template":"","meta":{"_monsterinsights_skip_tracking":false,"_monsterinsights_sitenote_active":false,"_monsterinsights_sitenote_note":"","_monsterinsights_sitenote_category":0,"footnotes":""},"class_list":["post-4","page","type-page","status-publish","has-post-thumbnail","hentry"],"aioseo_notices":[],"_links":{"self":[{"href":"https:\/\/it-dienstleistungen.schuhardt.de\/index.php?rest_route=\/wp\/v2\/pages\/4","targetHints":{"allow":["GET"]}}],"collection":[{"href":"https:\/\/it-dienstleistungen.schuhardt.de\/index.php?rest_route=\/wp\/v2\/pages"}],"about":[{"href":"https:\/\/it-dienstleistungen.schuhardt.de\/index.php?rest_route=\/wp\/v2\/types\/page"}],"author":[{"embeddable":true,"href":"https:\/\/it-dienstleistungen.schuhardt.de\/index.php?rest_route=\/wp\/v2\/users\/1"}],"replies":[{"embeddable":true,"href":"https:\/\/it-dienstleistungen.schuhardt.de\/index.php?rest_route=%2Fwp%2Fv2%2Fcomments&post=4"}],"version-history":[{"count":34,"href":"https:\/\/it-dienstleistungen.schuhardt.de\/index.php?rest_route=\/wp\/v2\/pages\/4\/revisions"}],"predecessor-version":[{"id":126,"href":"https:\/\/it-dienstleistungen.schuhardt.de\/index.php?rest_route=\/wp\/v2\/pages\/4\/revisions\/126"}],"wp:featuredmedia":[{"embeddable":true,"href":"https:\/\/it-dienstleistungen.schuhardt.de\/index.php?rest_route=\/wp\/v2\/media\/32"}],"wp:attachment":[{"href":"https:\/\/it-dienstleistungen.schuhardt.de\/index.php?rest_route=%2Fwp%2Fv2%2Fmedia&parent=4"}],"curies":[{"name":"wp","href":"https:\/\/api.w.org\/{rel}","templated":true}]}}